{"id":3583,"date":"2020-10-10T06:26:47","date_gmt":"2020-10-10T06:26:47","guid":{"rendered":"https:\/\/pacodepombeiro.com\/passeios-do-dia\/"},"modified":"2020-10-10T06:26:55","modified_gmt":"2020-10-10T06:26:55","slug":"passeios-do-dia","status":"publish","type":"page","link":"https:\/\/pacodepombeiro.com\/pt-pt\/passeios-do-dia\/","title":{"rendered":"Passeios do dia"},"content":{"rendered":"<p>[vc_row][vc_column][vc_column_text]Portugal concentrou-se principalmente na capital (Lisboa) e na regi\u00e3o do Algarve, no sul.<\/p>\n<p>Nos \u00faltimos anos, o governo fez mais para promover as outras regi\u00f5es, a fim de preservar a cultura e mostrar aos turistas o quanto Portugal tem mais para oferecer. Portugal \u00e9 um pa\u00eds pequeno com regi\u00f5es e culturas extremamente diversas, \u00e9 realmente uma j\u00f3ia escondida na Europa.<\/p>\n<p>O clima do norte de Portugal tem chuvas mais intensas que as regi\u00f5es do centro e do sul do pa\u00eds. \u00c9 sempre-verde com beleza natural e charme do velho mundo.<\/p>\n<p>Felgueiras \u00e9 um concelho importante, onde predominam as f\u00e1bricas de cal\u00e7ado, as quais exportam produtos de boa qualidade. Este setor sempre foi uma paragem para os neg\u00f3cios e tornou-se um destino. Pombeiro, em Felgueiras \u00e9 ideal para explorar em excurs\u00f5es e um lugar tranquilo para explorar muitos lugares maravilhosos.<\/p>\n<p>Felgueiras faz parte da Rota do Rom\u00e2nico ou na Rota Romana, pois fica na \u00e1rea onde os romanos governaram \u00e1 s\u00e9culos atr\u00e1s, deixando-nos pontes, estradas, aquedutos e outras rel\u00edquias.<\/p>\n<p>O Pa\u00e7o de Pombeiro faz fronteira com o Mosteiro de Santa Maria de Pombeiro, onde existem as ru\u00ednas de um aqueduto e a estrada romana ao lado, que fica a 10 minutos a p\u00e9 de uma ponte romana.[\/vc_column_text][\/vc_column][\/vc_row][vc_row][vc_column][vc_column_text]<\/p>\n<h2>Locais a visitar, festivais e passeios de um dia a partir de Pa\u00e7o de Pombeiro<\/h2>\n<p>O Pa\u00e7o de Pombeiro faz fronteira com o Mosteiro de Santa Maria de Pombeiro, onde existem as ru\u00ednas de um aqueduto e a estrada romana ao lado, que fica a 10 minutos a p\u00e9 de uma ponte romana.<br \/>\nPe\u00e7a-nos mais informa\u00e7\u00f5es sobre cada local que recomendamos.[\/vc_column_text][vc_toggle title=&#8221;Felgueiras&#8221;]O Pa\u00e7o de Pombeiro est\u00e1 localizado em Felgueiras (na fronteira do concelho de Guimar\u00e3es), que se tornou uma cidade apenas em 1990. Felgueiras \u00e9 conhecida pelas f\u00e1bricas de cal\u00e7ado e pelo famoso vinho verde que \u00e9 produzido nesta \u00e1rea.[\/vc_toggle][vc_toggle title=&#8221;Guimar\u00e3es&#8221;]Guimar\u00e3es (14 km ou 20 minutos do Pa\u00e7o de Pombeiro) \u00e9 o ber\u00e7o de Portugal, porque D.Afonso Henriques, o primeiro rei de Portugal, nasceu aqui. O centro hist\u00f3rico da regi\u00e3o, dentro das muralhas da cidade de Guimar\u00e3es, est\u00e1 associado \u00e0 forma\u00e7\u00e3o e identidade de Portugal e \u00e9 Patrim\u00f3nio Mundial. A cidade antiga possui p\u00e1tios com restaurantes e o transporta para outro hor\u00e1rio e local quando voc\u00ea o visita.<\/p>\n<p>[\/vc_toggle][vc_toggle title=&#8221;Vizela&#8221;]Vizela (9 km ou 15 minutos do Pa\u00e7o de Pombeiro) \u00e9 uma cidade termal com uma paisagem de colinas altas e con\u00edferas, cobertas por afloramentos de granito. As fontes termais ricas em minerais foram usadas pela primeira vez pelos romanos. As fontes termais ainda s\u00e3o servidas por um hotel spa de luxo. Existem muitas pequenas atra\u00e7\u00f5es maravilhosas aqui, como uma ponte romana que atravessa o rio Vizela na estrada romana de Braga a Amarante com um parque a toda a sua extens\u00e3o, o mirante de S\u00e3o Bento das Peras etc. [\/vc_toggle][vc_toggle title=&#8221;Braga&#8221;]Braga (52 km ou 40 minutos do Pa\u00e7o de Pombeiro) \u00e9 a terceira maior cidade de Portugal com um vasto patrim\u00f4nio cultural. \u00c9 o lar do Santu\u00e1rio de Bom Jesus do Monte, um Patrim\u00f4nio Mundial da UNESCO. Foi fundada como uma cidade romana de Bracara Augusta em 16 AC. \u00c9 uma cidade espetacular, com muitas del\u00edcias. [\/vc_toggle][vc_toggle title=&#8221;Porto&#8221;]Porto (62,5 km ou 46 minutos do Pa\u00e7o de Pombeiro) \u00e9 a segunda maior cidade de Portugal e a cidade da qual o pa\u00eds derivou seu nome. \u00c9 bem conhecido pelo seu vinho do Porto, muitas pontes e arquitetura antiga, al\u00e9m de sua gastronomia. O centro hist\u00f3rico da cidade \u00e9 um patrim\u00f4nio mundial da UNESCO. [\/vc_toggle][vc_toggle title=&#8221;Vale do Douro&#8221;]O Vale do Douro (dura 3 horas e termina no Porto) \u00e9 lindo e m\u00e1gico. \u00c9 aqui que o vinho do Porto \u00e9 produzido e enviado das quintas por barcos para o Porto (Vila Nova de Gaia), onde \u00e9 envelhecido e vendido pelas Casas do Porto. O vale do Douro \u00e9 um Patrim\u00f3nio Mundial e a regi\u00e3o vin\u00edcola demarcada mais antiga do mundo.[\/vc_toggle][vc_toggle title=&#8221;Parque Nacional da Peneda-Ger\u00eas&#8221;]Este parque (51,6 km ou 70 minutos do Pa\u00e7o de Pombeiro) tamb\u00e9m \u00e9 conhecido como Ger\u00eas. Est\u00e1 localizado nos distritos de Viana do Castelo, Braga e Vila Real. O parque tem muitas cascatas, rel\u00edquias romanas, parte de uma estrada romana, mosteiros, santu\u00e1rios, florestas, flores, mirantes e cavalos selvagens. [\/vc_toggle][vc_toggle title=&#8221;Parque Aqu\u00e1tico de Amarante&#8221;]Este parque est\u00e1 localizado nas margens do rio T\u00e2mega (a 26,4 km ou 25 minutos do Pa\u00e7o de Pombeiro), o Parque Aqu\u00e1tico Amarante \u00e9 um dos melhores lugares de Portugal para divers\u00f5es aqu\u00e1ticas e piscinas &#8211; \u00e9 uma viagem popular de ver\u00e3o para fam\u00edlias.[\/vc_toggle][vc_toggle title=&#8221;Magikland Penafiel&#8221;]Um parque de divers\u00f5es e \u00e1gua (25 km ou 30 minutos do Pa\u00e7o de Pombeiro) para um p\u00fablico-alvo at\u00e9 14 anos de idade. Uma viagem encantadora para fam\u00edlias jovens.[\/vc_toggle][vc_toggle title=&#8221;Aveiro&#8221;]Aveiro (90 km ou 80 minutos do Pa\u00e7o de Pombeiro) tamb\u00e9m \u00e9 conhecida como a Veneza de Portugal, situada nas margens de uma lagoa costeira com moliceiros (g\u00f4ndola como barcos tradicionais multicoloridos) cruzando a rede de canais da cidade. Muitos dos edif\u00edcios antigos est\u00e3o decorados com azulejos tradicionais.[\/vc_toggle][vc_toggle title=&#8221;Viana de Costelo&#8221;]Viana do Castelo (99 km ou 70 minutos) fica onde o rio Limia entra no Oceano Atl\u00e2ntico. \u00c9 uma encantadora cidade hist\u00f3rica com a Pra\u00e7a da Rep\u00fablica, um parque do s\u00e9culo XVI com arquitetura renascentista. Atr\u00e1s da cidade est\u00e1 o Monte de Santa Luzia, que \u00e9 alcan\u00e7ado pela maior ferrovia funicular de Portugal. No topo, encontra-se uma bas\u00edlica majestosa, um castro da Idade do Ferro e panoramas encantadores. A praia do Cabedelo \u00e9 uma gigantesca ba\u00eda intocada com areias douradas.[\/vc_toggle][vc_toggle title=&#8221;Atividades&#8221;]Por favor, deixe-nos saber se voc\u00ea deseja que fa\u00e7amos quaisquer arranjos para passeios a p\u00e9, trilhas de mountain bike, passeios de motocicleta, enduro ou caiaque.[\/vc_toggle][\/vc_column][\/vc_row]<\/p>\n","protected":false},"excerpt":{"rendered":"<p>[vc_row][vc_column][vc_column_text]Portugal concentrou-se principalmente na capital (Lisboa) e na regi\u00e3o do Algarve, no sul. Nos \u00faltimos anos, o governo fez mais para promover as outras regi\u00f5es, a fim de preservar a cultura e mostrar aos turistas o quanto Portugal tem mais para oferecer. Portugal \u00e9 um pa\u00eds pequeno com regi\u00f5es e culturas extremamente diversas, \u00e9 realmente [&hellip;]<\/p>\n","protected":false},"author":1,"featured_media":0,"parent":0,"menu_order":0,"comment_status":"closed","ping_status":"closed","template":"","meta":[],"_links":{"self":[{"href":"https:\/\/pacodepombeiro.com\/pt-pt\/wp-json\/wp\/v2\/pages\/3583"}],"collection":[{"href":"https:\/\/pacodepombeiro.com\/pt-pt\/wp-json\/wp\/v2\/pages"}],"about":[{"href":"https:\/\/pacodepombeiro.com\/pt-pt\/wp-json\/wp\/v2\/types\/page"}],"author":[{"embeddable":true,"href":"https:\/\/pacodepombeiro.com\/pt-pt\/wp-json\/wp\/v2\/users\/1"}],"replies":[{"embeddable":true,"href":"https:\/\/pacodepombeiro.com\/pt-pt\/wp-json\/wp\/v2\/comments?post=3583"}],"version-history":[{"count":3,"href":"https:\/\/pacodepombeiro.com\/pt-pt\/wp-json\/wp\/v2\/pages\/3583\/revisions"}],"predecessor-version":[{"id":3593,"href":"https:\/\/pacodepombeiro.com\/pt-pt\/wp-json\/wp\/v2\/pages\/3583\/revisions\/3593"}],"wp:attachment":[{"href":"https:\/\/pacodepombeiro.com\/pt-pt\/wp-json\/wp\/v2\/media?parent=3583"}],"curies":[{"name":"wp","href":"https:\/\/api.w.org\/{rel}","templated":true}]}}