{"id":2777,"date":"2020-10-10T05:03:20","date_gmt":"2020-10-10T05:03:20","guid":{"rendered":"https:\/\/pacodepombeiro.com\/perguntas-frequentes\/"},"modified":"2020-11-25T03:26:27","modified_gmt":"2020-11-25T03:26:27","slug":"perguntas-frequentes","status":"publish","type":"page","link":"https:\/\/pacodepombeiro.com\/pt-pt\/perguntas-frequentes\/","title":{"rendered":"Perguntas frequentes"},"content":{"rendered":"<p>[vc_row][vc_column][vc_toggle title=&#8221;Qual \u00e9 o aeroporto mais pr\u00f3ximo de Pa\u00e7o de Pombeiro?&#8221;]Aeroporto Francisco S\u00e1 Carneiro (s\u00e3o cerca de 45 km ou 40 minutos de carro). Tamb\u00e9m fornecemos transporte para o aeroporto e podemos acomodar at\u00e9 6 passageiros de cada vez com suas bagagens. Informe-se antes da chegada.<br \/>\n[\/vc_toggle][vc_toggle title=&#8221;Quais as esta\u00e7\u00f5es de comboio mais pr\u00f3ximas do Pa\u00e7o de Pombeiro?&#8221;]A esta\u00e7\u00e3o de Guimar\u00e3es (cerca de 14 km ou 20 minutos de carro).[\/vc_toggle][vc_toggle title=&#8221;Quais s\u00e3o as coordenadas GPS do Pa\u00e7o de Pombeiro?&#8221;]Latitude: 41, 3891<br \/>\nLongitude: -8, 2285[\/vc_toggle][vc_toggle title=&#8221;Qual \u00e9 o endere\u00e7o f\u00edsico do Pa\u00e7o De Pombeiro?&#8221;]Rua do Burgo, N.590 Pombeiro de Ribavizela, 4610-619, Felgueiras, Porto[\/vc_toggle][vc_toggle title=&#8221;O Pa\u00e7o de Pombeiro aceita animais de estima\u00e7\u00e3o?&#8221;]Sim definitivamente. N\u00f3s acomodamos animais de estima\u00e7\u00e3o, mas entre em contato connosco antes de chegar, pois nem todos os nossos quartos est\u00e3o adequados para eles. Cobramos uma pequena taxa por animal e por noite.[\/vc_toggle][vc_toggle title=&#8221;O Pa\u00e7o de Pombeiro \u00e9 adequado para crian\u00e7as?&#8221;]Sim definitivamente. Sim definitivamente. Nossa pousada \u00e9 ideal para fam\u00edlias e, se voc\u00ea tem uma fam\u00edlia grande como a nossa, pode solicitar uma cama extra.<br \/>\n[\/vc_toggle][vc_toggle title=&#8221;Onde posso reservar um quarto no Pa\u00e7o de Pombeiro?&#8221;]Voc\u00ea pode reservar atrav\u00e9s da Booking.com e da Hotels.com ou diretamente conosco.[\/vc_toggle][vc_toggle title=&#8221;O que \u00e9 servido no caf\u00e9 da manh\u00e3?&#8221;]Temos um buffet continental com pratos de queijo e carnes frias, frutas frescas, muesli e iogurte, p\u00e3o e doces, al\u00e9m de sumo de laranja espremido na hora, caf\u00e9 e uma sele\u00e7\u00e3o de ch\u00e1s.[\/vc_toggle][vc_toggle title=&#8221;Recebem h\u00f3spedes vegetarianos, sem gl\u00faten, diab\u00e9ticos e vegans?&#8221;]Sim, no entanto, isso deve ser solicitado antes da chegada.[\/vc_toggle][vc_toggle title=&#8221;Quando s\u00e3o os hor\u00e1rios de check-in e check-out?&#8221;]Normalmente, check-in a partir das 14:00 e check-out ao meio-dia. Estamos abertos a outros acordos, se feitos previamente.<br \/>\n[\/vc_toggle][vc_toggle title=&#8221;A que dist\u00e2ncia se encontram as lojas e os restaurantes mais pr\u00f3ximos?&#8221;]Existem muitos restaurantes e lojas num raio de 5 km.[\/vc_toggle][vc_toggle title=&#8221;\u00c9 permitido fumar?&#8221;]N\u00e3o \u00e9 permitido fumar dentro de qualquer espa\u00e7o, no entanto os h\u00f3spedes podem fumar ao ar livre.[\/vc_toggle][vc_toggle title=&#8221;Existe wifi?&#8221;]Temos Wi-Fi de alta velocidade, dentro e fora de toda a propriedade.<\/p>\n<p>[\/vc_toggle][vc_toggle title=&#8221;Voc\u00eas tem piscina?&#8221;]Temos uma piscina exterior com uma parte rasa para crian\u00e7as pequenas.[\/vc_toggle][vc_toggle title=&#8221;Voc\u00eas oferecem passeios a p\u00e9?&#8221;]Podemos organizar un recorrido a pie por la zona con un historiador y gu\u00eda que conoce muy bien la ruta rom\u00e1nica y la zona de Pombeiro. Necesitamos ser notificados con anticipaci\u00f3n y luego podemos arreglarlo. Hay un costo involucrado.[\/vc_toggle][vc_toggle title=&#8221;Que atividades voc\u00ea oferece para os mais aventureiros?&#8221;]Temos algu\u00e9m que pode organizar muitas atividades na \u00e1rea, que variam de viagens curtas a longas. H\u00e1 muito poucos. H\u00e1 caiaque em alguns dos rios pr\u00f3ximos, mountain bike em trilhas pr\u00f3ximas a rios e por vales e \u00e1reas montanhosas. O guia tamb\u00e9m oferece passeios de enduro guiados e passeios de motocicleta em belas paisagens e no Parque Nacional do Ger\u00eas. A viagem mais longa inclui uma viagem ao longo da pr\u00f3pria rota 66 de Portugal de Norte a Sul de Portugal. Todas essas viagens ter\u00e3o que ser organizadas com anteced\u00eancia e h\u00e1 custos envolvidos.[\/vc_toggle][vc_wp_text]<script type=\"application\/ld+json\">{\"@context\":\"https:\/\/schema.org\",\"@type\":\"FAQPage\",\"mainEntity\":[{\"@type\":\"Question\",\"name\":\"What is the closest airport to Paco De Pombeiro?\",\"acceptedAnswer\":{\"@type\":\"Answer\",\"text\":\"Francisco Sa Carneiro Airport (it is about 45km or 40 minutes by car). We also provide airport shuttle transfers and can accommodate up to 6 passengers at a time with their luggage. Enquire prior to arrival.\"}},{\"@type\":\"Question\",\"name\":\"What is the closest train station to Paco de Pombeiro?\",\"acceptedAnswer\":{\"@type\":\"Answer\",\"text\":\"The station at Guimaraes (about 15 km or 15 minutes by car).\"}},{\"@type\":\"Question\",\"name\":\"What are the GPS co-ordinates of Paco De Pombeiro?\",\"acceptedAnswer\":{\"@type\":\"Answer\",\"text\":\"Latitude: 41, 3891\\nLongitude: -8, 2285\"}},{\"@type\":\"Question\",\"name\":\"What is the physical address of Paco De Pombeiro?\",\"acceptedAnswer\":{\"@type\":\"Answer\",\"text\":\"No 590 Rua do Burgo, Pombeiro de Ribavizela, 4610-619, Felgueiras, Porto\"}},{\"@type\":\"Question\",\"name\":\"Do you have a swimming pool?\",\"acceptedAnswer\":{\"@type\":\"Answer\",\"text\":\"We have an outdoor swimming pool with a big shallow end for young kids.\"}}]}<\/script><!--FAQPage Code Generated by https:\/\/saijogeorge.com\/json-ld-schema-generator\/faq\/-->[\/vc_wp_text][\/vc_column][\/vc_row]<\/p>\n","protected":false},"excerpt":{"rendered":"<p>[vc_row][vc_column][vc_toggle title=&#8221;Qual \u00e9 o aeroporto mais pr\u00f3ximo de Pa\u00e7o de Pombeiro?&#8221;]Aeroporto Francisco S\u00e1 Carneiro (s\u00e3o cerca de 45 km ou 40 minutos de carro). Tamb\u00e9m fornecemos transporte para o aeroporto e podemos acomodar at\u00e9 6 passageiros de cada vez com suas bagagens. Informe-se antes da chegada. [\/vc_toggle][vc_toggle title=&#8221;Quais as esta\u00e7\u00f5es de comboio mais pr\u00f3ximas do [&hellip;]<\/p>\n","protected":false},"author":1,"featured_media":0,"parent":0,"menu_order":0,"comment_status":"closed","ping_status":"closed","template":"","meta":[],"_links":{"self":[{"href":"https:\/\/pacodepombeiro.com\/pt-pt\/wp-json\/wp\/v2\/pages\/2777"}],"collection":[{"href":"https:\/\/pacodepombeiro.com\/pt-pt\/wp-json\/wp\/v2\/pages"}],"about":[{"href":"https:\/\/pacodepombeiro.com\/pt-pt\/wp-json\/wp\/v2\/types\/page"}],"author":[{"embeddable":true,"href":"https:\/\/pacodepombeiro.com\/pt-pt\/wp-json\/wp\/v2\/users\/1"}],"replies":[{"embeddable":true,"href":"https:\/\/pacodepombeiro.com\/pt-pt\/wp-json\/wp\/v2\/comments?post=2777"}],"version-history":[{"count":3,"href":"https:\/\/pacodepombeiro.com\/pt-pt\/wp-json\/wp\/v2\/pages\/2777\/revisions"}],"predecessor-version":[{"id":4309,"href":"https:\/\/pacodepombeiro.com\/pt-pt\/wp-json\/wp\/v2\/pages\/2777\/revisions\/4309"}],"wp:attachment":[{"href":"https:\/\/pacodepombeiro.com\/pt-pt\/wp-json\/wp\/v2\/media?parent=2777"}],"curies":[{"name":"wp","href":"https:\/\/api.w.org\/{rel}","templated":true}]}}