{"id":2732,"date":"2020-10-09T12:48:51","date_gmt":"2020-10-09T12:48:51","guid":{"rendered":"https:\/\/pacodepombeiro.com\/sobre\/"},"modified":"2020-10-09T13:10:53","modified_gmt":"2020-10-09T13:10:53","slug":"sobre","status":"publish","type":"page","link":"https:\/\/pacodepombeiro.com\/pt-pt\/sobre\/","title":{"rendered":"Sobre"},"content":{"rendered":"<p>[vc_row full_width=&#8221;stretch_row&#8221; css=&#8221;.vc_custom_1531729276201{padding-bottom: 80px !important;}&#8221;][vc_column width=&#8221;2\/3&#8243;][vc_column_text]<\/p>\n<p>Marcus e Ingrid mudaram-se da \u00c1frica do Sul para Portugal em 2018, depois de adquirir o Pa\u00e7o de Pombeiro aos propriet\u00e1rios anteriores (Familia Lancastre de Mello Sampayo). A pousada \u00e9 muito \u00edntima e tentamos ao m\u00e1ximo fazer com que os nossos h\u00f3spedes sintam-se confort\u00e1veis, fornecendo aten\u00e7\u00e3o pessoal e garantindo a sua privacidade. A pousada est\u00e1 inserida numa quinta que produz vinho verde (regi\u00e3o de Vinho Verde do Minho) com uma extens\u00e3o de 5 hectares de vinhas, produzido na pr\u00f3pria quinta. A quinta e a pousada est\u00e3o inseridas no munic\u00edpio de Felgueiras, ficam a cerca de 12 Km da cidade de Guimar\u00e3es, conhecida como o ber\u00e7o de Portugal (onde nasceu o primeiro rei). Contamos com a colabora\u00e7\u00e3o da assistente (Liliana Vieira), que nasceu e cresceu em Pombeiro e colabora desde a cria\u00e7\u00e3o da pousada. Oferecemos uma variedade de servi\u00e7os de lazer, cultura e desporto na pousada, entre outras coisas. Marcus adora motociclismo off-road e pode organizar excurs\u00f5es de mota para quem estiver interessado. Estamos constantemente reformulando para garantir que a pousada esteja sempre ao gosto de quem nos visita.<\/p>\n<p>[\/vc_column_text][\/vc_column][vc_column width=&#8221;1\/6&#8243;][vc_single_image image=&#8221;2742&#8243; img_size=&#8221;150&#215;150&#8243; alignment=&#8221;center&#8221; style=&#8221;vc_box_circle&#8221;][vc_column_text]<\/p>\n<h4 style=\"text-align: center;\">Marcus e Ingrid<\/h4>\n<p>[\/vc_column_text][\/vc_column][vc_column width=&#8221;1\/6&#8243;][vc_single_image image=&#8221;2743&#8243; img_size=&#8221;150&#215;150&#8243; alignment=&#8221;center&#8221; style=&#8221;vc_box_circle&#8221;][vc_column_text]<\/p>\n<h4 style=\"text-align: center;\">Liliana<\/h4>\n<p>[\/vc_column_text][\/vc_column][\/vc_row][vc_row][vc_column][vc_separator el_width=&#8221;50&#8243;][\/vc_column][\/vc_row][vc_row][vc_column width=&#8221;1\/2&#8243;][vc_column_text]<\/p>\n<p>A pousada em si \u00e9 parcialmente antiga e parcialmente moderna, o que a torna bastante \u00fanica. Tem uma atmosfera campestre tranquila, com serenidade absoluta nos jardins e nos campos verdejantes.<\/p>\n<p>[\/vc_column_text][\/vc_column][vc_column width=&#8221;1\/2&#8243;][vc_single_image image=&#8221;2681&#8243; img_size=&#8221;full&#8221; style=&#8221;vc_box_rounded&#8221;][\/vc_column][\/vc_row][vc_row][vc_column width=&#8221;1\/2&#8243; el_class=&#8221;vc_col-sm-push-6&#8243;][vc_column_text]<\/p>\n<p>H\u00e1 uma pequena floresta, e a casa tem vista para as vinhas. A quinta produz o seu pr\u00f3prio vinho na tradi\u00e7\u00e3o da regi\u00e3o do &#8216;Vinho Verde&#8217; em que est\u00e1 situada. A pousada pode acomodar grupos interessados em realizar oficinas de escrita, literatura criativa, arte (desenho e pintura), transporte de energias positivas (som, reiki, cinesiologia, toque para a sa\u00fade). \u00c9 perfeita para pequenos retiros de ioga e espirituais, ou simplesmente estar em contato com a m\u00e3e natureza.<\/p>\n<p>[\/vc_column_text][\/vc_column][vc_column width=&#8221;1\/2&#8243; el_class=&#8221;vc_col-sm-pull-6&#8243;][vc_single_image image=&#8221;2352&#8243; img_size=&#8221;full&#8221; style=&#8221;vc_box_rounded&#8221;][\/vc_column][\/vc_row][vc_row][vc_column width=&#8221;1\/2&#8243;][vc_column_text]Marcus gosta de passear de mota, tanto na estrada como em trilhos. Ele sente-se feliz em organizar passeios, mediante acordo pr\u00e9vio. Acredita que esta regi\u00e3o oferece as melhores condi\u00e7\u00f5es de pilotagem desfrutando das belas paisagens verdejantes e rios com \u00e1guas cristalinas.[\/vc_column_text][\/vc_column][vc_column width=&#8221;1\/2&#8243;][vc_single_image image=&#8221;2353&#8243; img_size=&#8221;full&#8221; style=&#8221;vc_box_rounded&#8221;][\/vc_column][\/vc_row][vc_row][vc_column width=&#8221;1\/2&#8243; el_class=&#8221;vc_col-sm-push-6&#8243;][vc_column_text]<\/p>\n<p>Os h\u00f3spedes podem relaxar ao lado da piscina ou passear pelas vinhas at\u00e9 ao riacho. Alguns h\u00f3spedes no tempo da vindima, podem tamb\u00e9m juntar-se ao grupo de trabalhadores e ajudar na colheita das uvas.<\/p>\n<p>O Mosteiro de Pombeiro (Monumento Nacional) e a ponte romana, ficam a uma curta caminhada de cerca de 500 m da pousada. Se gosta de andar de bicicleta, a pousada possui algumas, que os h\u00f3spedes podem usar gratuitamente, dependendo da disponibilidade.<\/p>\n<p>A piscina tem uma \u00e1rea rasa para crian\u00e7as e tamb\u00e9m h\u00e1 um trampolim.<\/p>\n<p>Servimos o caf\u00e9 da manh\u00e3 continental, com frutas da esta\u00e7\u00e3o e atendemos a todos os requisitos diet\u00e9ticos alternativos, mediante acordo pr\u00e9vio. O caf\u00e9 da manh\u00e3 \u00e9 servido no moderno sal\u00e3o da antiga casa dos caseiros.<\/p>\n<p>[\/vc_column_text][\/vc_column][vc_column width=&#8221;1\/2&#8243; el_class=&#8221;vc_col-sm-pull-6&#8243;][vc_single_image image=&#8221;2697&#8243; img_size=&#8221;full&#8221; style=&#8221;vc_box_rounded&#8221;][\/vc_column][\/vc_row]<\/p>\n","protected":false},"excerpt":{"rendered":"<p>[vc_row full_width=&#8221;stretch_row&#8221; css=&#8221;.vc_custom_1531729276201{padding-bottom: 80px !important;}&#8221;][vc_column width=&#8221;2\/3&#8243;][vc_column_text] Marcus e Ingrid mudaram-se da \u00c1frica do Sul para Portugal em 2018, depois de adquirir o Pa\u00e7o de Pombeiro aos propriet\u00e1rios anteriores (Familia Lancastre de Mello Sampayo). A pousada \u00e9 muito \u00edntima e tentamos ao m\u00e1ximo fazer com que os nossos h\u00f3spedes sintam-se confort\u00e1veis, fornecendo aten\u00e7\u00e3o pessoal e garantindo [&hellip;]<\/p>\n","protected":false},"author":1,"featured_media":0,"parent":0,"menu_order":0,"comment_status":"closed","ping_status":"closed","template":"","meta":[],"_links":{"self":[{"href":"https:\/\/pacodepombeiro.com\/pt-pt\/wp-json\/wp\/v2\/pages\/2732"}],"collection":[{"href":"https:\/\/pacodepombeiro.com\/pt-pt\/wp-json\/wp\/v2\/pages"}],"about":[{"href":"https:\/\/pacodepombeiro.com\/pt-pt\/wp-json\/wp\/v2\/types\/page"}],"author":[{"embeddable":true,"href":"https:\/\/pacodepombeiro.com\/pt-pt\/wp-json\/wp\/v2\/users\/1"}],"replies":[{"embeddable":true,"href":"https:\/\/pacodepombeiro.com\/pt-pt\/wp-json\/wp\/v2\/comments?post=2732"}],"version-history":[{"count":2,"href":"https:\/\/pacodepombeiro.com\/pt-pt\/wp-json\/wp\/v2\/pages\/2732\/revisions"}],"predecessor-version":[{"id":2760,"href":"https:\/\/pacodepombeiro.com\/pt-pt\/wp-json\/wp\/v2\/pages\/2732\/revisions\/2760"}],"wp:attachment":[{"href":"https:\/\/pacodepombeiro.com\/pt-pt\/wp-json\/wp\/v2\/media?parent=2732"}],"curies":[{"name":"wp","href":"https:\/\/api.w.org\/{rel}","templated":true}]}}