{"id":4238,"date":"2020-10-26T10:41:17","date_gmt":"2020-10-26T10:41:17","guid":{"rendered":"https:\/\/pacodepombeiro.com\/a-propos-de-nous\/"},"modified":"2020-11-25T04:09:46","modified_gmt":"2020-11-25T04:09:46","slug":"a-propos-de-nous","status":"publish","type":"page","link":"https:\/\/pacodepombeiro.com\/fr\/a-propos-de-nous\/","title":{"rendered":"\u00c0 propos de nous"},"content":{"rendered":"<p>[vc_row full_width=&#8221;stretch_row&#8221; css=&#8221;.vc_custom_1531729276201{padding-bottom: 80px !important;}&#8221;][vc_column width=&#8221;2\/3&#8243;][vc_column_text]Marcus et Ingrid ont quitt\u00e9 l&#8217;Afrique du Sud pour le Portugal en 2018, apr\u00e8s avoir acquis Pa\u00e7o de Pombeiro aupr\u00e8s d&#8217;anciens propri\u00e9taires (Familia Lancastre de Mello Sampayo).<\/p>\n<p>Liliana Vieira a grandi \u00e0 Pombeiro et est impliqu\u00e9e dans Paco de Pombeiro depuis la cr\u00e9ation de la maison d&#8217;h\u00f4tes en 2009.<\/p>\n<p>Ce gite est tr\u00e8s intime si les clients le souhaitent car tout est fait par Marcus et Ingrid pour pr\u00e9server cette intimit\u00e9.<\/p>\n<p>Cette demeure est ins\u00e9r\u00e9e dans une ferme qui produit du vin vert (r\u00e9gion de Vinho Verde do Minho) sur un domaine de 5 hectares de vignobles. Cette demeure est ins\u00e9r\u00e9e dans une ferme qui produit du vin vert (r\u00e9gion de Vinho Verde do Minho) sur un domaine de 5 hectares de vignobles.<\/p>\n<p>La ferme et le gite sont situ\u00e9s dans la municipalit\u00e9 de Felgueiras, \u00e0 environ 12 km de la ville de Guimar\u00e3es, connue comme le berceau du Portugal (o\u00f9 le premier roi est n\u00e9).<\/p>\n<p>Une tr\u00e9s grande vari\u00e9t\u00e9 de services de loisirs, de culture et de sport sont propos\u00e9s sur place. Entre autre, Marcus adore la moto tout-terrain et peut organiser des excursions en moto pour les clients motards int\u00e9ress\u00e9s. Pour information, les propri\u00e9taires du gite Marcus et Ingrid renouvellent constament les animations au gr\u00e9 des demandes des clients.[\/vc_column_text][\/vc_column][vc_column width=&#8221;1\/6&#8243;][vc_single_image image=&#8221;4245&#8243; img_size=&#8221;150&#215;150&#8243; alignment=&#8221;center&#8221; style=&#8221;vc_box_circle&#8221;][vc_column_text]<\/p>\n<h4 style=\"text-align: center\">Marcus &amp; Ingrid<\/h4>\n<p>[\/vc_column_text][\/vc_column][vc_column width=&#8221;1\/6&#8243;][vc_single_image image=&#8221;4244&#8243; img_size=&#8221;150&#215;150&#8243; alignment=&#8221;center&#8221; style=&#8221;vc_box_circle&#8221;][vc_column_text]<\/p>\n<h4 style=\"text-align: center\">Liliana<\/h4>\n<p>[\/vc_column_text][\/vc_column][\/vc_row][vc_row][vc_column][vc_separator el_width=&#8221;50&#8243;][\/vc_column][\/vc_row][vc_row][vc_column width=&#8221;1\/2&#8243;][vc_column_text]La maison d&#8217;h\u00f4tes elle-m\u00eame est en partie ancienne et en partie moderne, ce qui la rend assez unique. Il a une atmosph\u00e8re de campagne paisible, avec une s\u00e9r\u00e9nit\u00e9 absolue au milieu des jardins et des champs de verdure.<\/p>\n<p>Il y a une petite for\u00eat et la maison donne sur les vignes. La ferme produit son propre vin dans la tradition de la r\u00e9gion \u00abVinho Verde\u00bb dans laquelle elle se trouve.<\/p>\n<p>Le gite peut accueillir des groupes int\u00e9ress\u00e9s par l&#8217;organisation d&#8217;ateliers d&#8217;\u00e9criture, de litt\u00e9rature cr\u00e9ative, d&#8217;art (dessin et peinture), de transport d&#8217;\u00e9nergies positives (son, reiki, kin\u00e9siologie, toucher pour la sant\u00e9). Il est parfait pour les petites retraites de yoga et spiritualit\u00e9, ou simplement pour \u00eatre en contact avec m\u00e8re nature.[\/vc_column_text][\/vc_column][vc_column width=&#8221;1\/2&#8243;][vc_single_image image=&#8221;4233&#8243; img_size=&#8221;full&#8221; style=&#8221;vc_box_rounded&#8221;][\/vc_column][\/vc_row][vc_row][vc_column width=&#8221;1\/2&#8243; el_class=&#8221;vc_col-sm-push-6&#8243;][vc_column_text]Les groupes sont organis\u00e9s sur demande et peuvent accueillir jusqu&#8217;\u00e0 20 personnes. Le petit-d\u00e9jeuner est inclus, les autres repas et les collations peuvent \u00eatre organis\u00e9s pour r\u00e9pondre \u00e0 toutes les exigences alimentaires, en \u00e9tant pr\u00e9-r\u00e9serv\u00e9s et moyennant des frais suppl\u00e9mentaires.<\/p>\n<p>La nouvelle partie du gite comprend quatre chambres doubles et deux chambres lits jumeaux, chacune avec terrasse, et une salle de bain priv\u00e9e.<\/p>\n<p>Il y a une unit\u00e9 familiale qui peut accueillir jusqu&#8217;\u00e0 6 personnes dans l&#8217;ancienne maison du fermier et une autre suite dans le manoir. Toutes les chambres lits disposent t\u00e9l\u00e9vision \u00e0 \u00e9cran plat avec cha\u00eenes satellite, climatisation, r\u00e9frig\u00e9rateur, bouilloire et machine \u00e0 caf\u00e9. Au rez-de-chauss\u00e9e il y a un salon o\u00f9 le petit d\u00e9jeuner est servi, avec une cuisine de soutien enti\u00e8rement \u00e9quip\u00e9e pour une utilisation communautaire.[\/vc_column_text][\/vc_column][vc_column width=&#8221;1\/2&#8243; el_class=&#8221;vc_col-sm-pull-6&#8243;][vc_single_image image=&#8221;4021&#8243; img_size=&#8221;full&#8221; style=&#8221;vc_box_rounded&#8221;][\/vc_column][\/vc_row][vc_row][vc_column width=&#8221;1\/2&#8243;][vc_column_text]Marcus adorant faire de la moto, sur les petits chemins et sentiers Portugais. Il serait heureux d&#8217;organiser des balades pour les clients motars, ceci apr\u00e9s arrangement pr\u00e9alable. Pour Marcus cette r\u00e9gion offre les meilleures conditions de conduite, profitant de magnifiques paysages verdoyants et des rivi\u00e8res avec une eau cristalline.<\/p>\n<p>La maison d&#8217;h\u00f4tes et ses jardins sont id\u00e9aux pour les r\u00e9unions et les \u00e9v\u00e9nements familiaux, les petits mariages ou m\u00eame pour s&#8217;\u00e9loigner de l&#8217;agitation de la vie urbaine, pour se ressourcer et respirer l&#8217;air frais de la campagne.<\/p>\n<p>Nous sommes fiers d&#8217;avoir cet espace o\u00f9 nous pouvons profiter de nos animaux (chiens \/ chats), permettant aux invit\u00e9s d&#8217;amener \u00e9galement les membres de leur famille \u00e0 quatre pattes, suivant accord pr\u00e9alable. Les jeunes familles avec enfants b\u00e9n\u00e9ficient \u00e9galement d&#8217;un environnement s\u00fbr et naturel.[\/vc_column_text][\/vc_column][vc_column width=&#8221;1\/2&#8243;][vc_single_image image=&#8221;4028&#8243; img_size=&#8221;full&#8221; style=&#8221;vc_box_rounded&#8221;][\/vc_column][\/vc_row][vc_row][vc_column width=&#8221;1\/2&#8243; el_class=&#8221;vc_col-sm-push-6&#8243;][vc_column_text]Vous pourrez vous d\u00e9tendre au bord de la piscine ou se promener dans les vignes jusqu&#8217;au ruisseau. Certains invit\u00e9s au moment de la r\u00e9colte peuvent \u00e9galement s&#8217;ils le souhaitent rejoindre le groupe de travailleurs et aider \u00e0 la r\u00e9colte des raisins.<\/p>\n<p>Le monast\u00e8re de Pombeiro (monument national) et le pont romain sont \u00e0 quelques pas d&#8217;environ 500 m du Paco de Pombeiro. Si vous aimez le v\u00e9lo, le gite en propose, que vous pourrez utiliser gratuitement, selon les disponibilit\u00e9s.<\/p>\n<p>La piscine a une zone peu profonde pour les enfants, \u00e0 c\u00f4t\u00e9 vous trouverez aussi un trampoline.<\/p>\n<p>Nous servons un petit-d\u00e9jeuner continental avec des fruits de saison et r\u00e9pondons \u00e0 toutes les autres exigences alimentaires, sur demande pr\u00e9alable. Le petit d\u00e9jeuner est servi dans le salon moderne de l&#8217;ancienne maison de l\u00b4agriculteur.[\/vc_column_text][\/vc_column][vc_column width=&#8221;1\/2&#8243; el_class=&#8221;vc_col-sm-pull-6&#8243;][vc_single_image image=&#8221;4214&#8243; img_size=&#8221;full&#8221; style=&#8221;vc_box_rounded&#8221;][\/vc_column][\/vc_row]<\/p>\n","protected":false},"excerpt":{"rendered":"<p>[vc_row full_width=&#8221;stretch_row&#8221; css=&#8221;.vc_custom_1531729276201{padding-bottom: 80px !important;}&#8221;][vc_column width=&#8221;2\/3&#8243;][vc_column_text]Marcus et Ingrid ont quitt\u00e9 l&#8217;Afrique du Sud pour le Portugal en 2018, apr\u00e8s avoir acquis Pa\u00e7o de Pombeiro aupr\u00e8s d&#8217;anciens propri\u00e9taires (Familia Lancastre de Mello Sampayo). Liliana Vieira a grandi \u00e0 Pombeiro et est impliqu\u00e9e dans Paco de Pombeiro depuis la cr\u00e9ation de la maison d&#8217;h\u00f4tes en 2009. Ce [&hellip;]<\/p>\n","protected":false},"author":1,"featured_media":0,"parent":0,"menu_order":0,"comment_status":"closed","ping_status":"closed","template":"","meta":[],"_links":{"self":[{"href":"https:\/\/pacodepombeiro.com\/fr\/wp-json\/wp\/v2\/pages\/4238"}],"collection":[{"href":"https:\/\/pacodepombeiro.com\/fr\/wp-json\/wp\/v2\/pages"}],"about":[{"href":"https:\/\/pacodepombeiro.com\/fr\/wp-json\/wp\/v2\/types\/page"}],"author":[{"embeddable":true,"href":"https:\/\/pacodepombeiro.com\/fr\/wp-json\/wp\/v2\/users\/1"}],"replies":[{"embeddable":true,"href":"https:\/\/pacodepombeiro.com\/fr\/wp-json\/wp\/v2\/comments?post=4238"}],"version-history":[{"count":3,"href":"https:\/\/pacodepombeiro.com\/fr\/wp-json\/wp\/v2\/pages\/4238\/revisions"}],"predecessor-version":[{"id":4334,"href":"https:\/\/pacodepombeiro.com\/fr\/wp-json\/wp\/v2\/pages\/4238\/revisions\/4334"}],"wp:attachment":[{"href":"https:\/\/pacodepombeiro.com\/fr\/wp-json\/wp\/v2\/media?parent=4238"}],"curies":[{"name":"wp","href":"https:\/\/api.w.org\/{rel}","templated":true}]}}