{"id":3680,"date":"2020-10-26T04:07:41","date_gmt":"2020-10-26T04:07:41","guid":{"rendered":"https:\/\/pacodepombeiro.com\/excursions-dune-journee\/"},"modified":"2020-11-25T03:39:41","modified_gmt":"2020-11-25T03:39:41","slug":"excursions-dune-journee","status":"publish","type":"page","link":"https:\/\/pacodepombeiro.com\/fr\/excursions-dune-journee\/","title":{"rendered":"Excursions d&#8217;une journ\u00e9e"},"content":{"rendered":"<p>[vc_row][vc_column][vc_column_text]Le Portugal s&#8217;est concentr\u00e9 principalement sur la capitale (Lisbonne) et la r\u00e9gion de l&#8217;Algarve au sud.<\/p>\n<p>Ces derni\u00e8res ann\u00e9es, le gouvernement a tout fait pour promouvoir les autres r\u00e9gions afin de pr\u00e9server la culture et montrer aux touristes ce que le Portugal a de plus \u00e0 offrir. Le Portugal est un petit pays avec des r\u00e9gions extr\u00eamement diverses, c&#8217;est vraiment un joyau de l&#8217;Europe.<\/p>\n<p>Le nord du Portugal a des pr\u00e9cipitations plus \u00e9lev\u00e9es que le centre et le sud et est plus montagneux. Il est d&#8217;une beaut\u00e9 naturelle et d&#8217;un charme d&#8217;antan.<\/p>\n<p>Felgueiras est tr\u00e8s important avec ses usines de fabrication de chaussures o\u00f9 de nombreuses chaussures europ\u00e9ennes de bonne qualit\u00e9 sont fabriqu\u00e9es. L\u00e0 o\u00f9 cela a toujours \u00e9t\u00e9 une escale pour les affaires, c&#8217;est devenu plus une destination touristique. Pombeiro \u00e0 Felgueiras est id\u00e9al \u00e0 utiliser comme gite et comme point de d\u00e9part pour explorer de nombreux endroits merveilleux lors d&#8217;excursions d&#8217;une journ\u00e9e.<\/p>\n<p>A Felgueiras passe la Rota Romanico ou la route romaine, car c&#8217;est dans la r\u00e9gion o\u00f9 les Romains r\u00e9gnaient il y a des si\u00e8cles et ont laiss\u00e9 derri\u00e8re eux de nombreuses traces tel que: des ponts, des routes, des aqueducs et d&#8217;autres reliques.<\/p>\n<p>Le Pa\u00e7o de Pombeiro borde le Mosteiro de Pombeiro, le monast\u00e8re de Santa Maria de Pombeiro, qui a les restes d&#8217;un aqueduc et d&#8217;une route romaine \u00e0 c\u00f4t\u00e9 et \u00e0 10 minutes \u00e0 pied d&#8217;un pont romain.[\/vc_column_text][\/vc_column][\/vc_row][vc_row][vc_column][vc_column_text]<\/p>\n<h2>Lieux \u00e0 visiter, festivals et excursions au d\u00e9part de Paco de Pombeiro<\/h2>\n<p>Le Pa\u00e7o de Pombeiro borde le Mosteiro de Pombeiro, le monast\u00e8re de Santa Maria de Pombeiro, qui a les restes d&#8217;un aqueduc et d&#8217;une route romaine \u00e0 c\u00f4t\u00e9 et \u00e0 10 minutes \u00e0 pied d&#8217;un pont romain.<br \/>\nVeuillez nous demander plus d&#8217;informations sur chaque endroit que nous recommandons.[\/vc_column_text][vc_toggle title=&#8221;Felgueiras&#8221;]Pa\u00e7o de Pombeiro est situ\u00e9 \u00e0 Felgueiras qui n&#8217;est devenue une ville qu&#8217;en 1990, elle se situe tout pr\u00e9s de Guimara\u00e9s. Felgueiras est bien connu pour ses fabriques de chaussures et le c\u00e9l\u00e8bre vinho verde ou vin vert qui est produit dans cette r\u00e9gion.[\/vc_toggle][vc_toggle title=&#8221;Guimaraes&#8221;]Guimar\u00e3es (\u00e0 14 km ou 20 minutes de Pa\u00e7o de Pombeiro) est le berceau du Portugal car Afonso Henriques, le premier roi du Portugal, est n\u00e9 ici. Le centre historique de la zone \u00e0 l&#8217;int\u00e9rieur des murs de la ville de Guimaraes, est associ\u00e9 \u00e0 la formation et \u00e0 l&#8217;identit\u00e9 du Portugal et est un site du patrimoine mondial. La vieille ville poss\u00e9de de nombreuses cours int\u00e9rieures notamment o\u00f9 sont \u00e9tablis des restaurants et cette architecture moyenageuse vous transporte \u00e0 une autre \u00e9poque lors de votre visite.<\/p>\n<p>[\/vc_toggle][vc_toggle title=&#8221;Vizela&#8221;]Vizela (\u00e0 9 km ou 15 minutes de Paco de Pombeiro) est une ville thermale dans un paysage de hautes collines de conif\u00e8res. Les sources d&#8217;eaux chaudes riches en min\u00e9raux ont d&#8217;abord \u00e9t\u00e9 utilis\u00e9es par les Romains. Ces sources chaudes desservent toujours un h\u00f4tel de luxeavec spa. Il y a beaucoup de petits sites merveilleux ici comme un pont romain qui traverse la rivi\u00e8re Vizela sur la route romaine de Braga \u00e0 Amarante, le point de vue de Sao Bento das Peras, etc. [\/vc_toggle][vc_toggle title=&#8221;Braga&#8221;]Braga (\u00e0 52 km ou 40 minutes de Paco de Pombeiro) est la troisi\u00e8me plus grande ville du Portugal avec un vaste patrimoine culturel. Il abrite le sanctuaire de Bom Jesus do Monte, un site du patrimoine mondial de l&#8217;UNESCO. Elle a \u00e9t\u00e9 fond\u00e9e en tant que ville romaine de Bracara Augusta en 16 av. C&#8217;est une ville spectaculaire a de nombreux d\u00e9lices, notamment les viennoiseries et chocolateries d&#8217;une patisserie fran\u00e7aise situ\u00e9e en plein centre ville. [\/vc_toggle][vc_toggle title=&#8221;Porto&#8221;]Porto (62,5 km ou 46 minutes de Paco de Pombeiro) est la deuxi\u00e8me plus grande ville du Portugal et la ville dont le pays tire son nom. Il est bien connu pour son vin de Porto, ses nombreux ponts et son architecture ancienne ainsi que sa gastronomie. Le centre-ville historique est un site du patrimoine mondial de l&#8217;UNESCO. [\/vc_toggle][vc_toggle title=&#8221;Vall\u00e9e du Douro&#8221;]La vall\u00e9e du Douro est magnifique et magique, elle peut \u00eatre visit\u00e9e en bateau ou en train tourisque, pour cel\u00e0 plusieurs agences proposent ces excursions au d\u00e9part de Porto. C&#8217;est l\u00e0 que le vin de Porto est fabriqu\u00e9 et envoy\u00e9 des quintas par bateau \u00e0 Porto (Vila Nova de Gaio) o\u00f9 il est vieilli et vendu par les maisons du port. La vall\u00e9e du Douro est un site du patrimoine mondial et la plus ancienne r\u00e9gion viticole d\u00e9limit\u00e9e du monde.[\/vc_toggle][vc_toggle title=&#8221;Parc national de Peneda-Ger\u00eas&#8221;]Ce parc (51,6 km ou 70 minutes de Paco de Pombeiro) est \u00e9galement connu sous le nom de Ger\u00eas. Il est situ\u00e9 dans les districts de Viana do Castelo, Braga et Vila Real. Le parc poss\u00e8de de nombreuses cascades, des reliques romaines, des parties d&#8217;une route romaine, des monast\u00e8res, des sanctuaires, des for\u00eats, des fleurs, des belv\u00e9d\u00e8res ainsi que des chevaux et vaches sauvages en parfaite libert\u00e9. [\/vc_toggle][vc_toggle title=&#8221;Parque Aquatic Amarante&#8221;]Ce parc est situ\u00e9 sur les rives de la rivi\u00e8re T\u00e2mego (26;4 km ou 25 minutes de Paco de Pombeiro), le parc aquatique d&#8217;Amarante (Parque Aqu\u00e1tico Amarante) est l&#8217;un des meilleurs endroits du Portugal pour les toboggans, les piscines et les divertissements au soleil &#8211; c&#8217;est un excursion d&#8217;une journ\u00e9e d&#8217;\u00e9t\u00e9 tr\u00e9s familiale.[\/vc_toggle][vc_toggle title=&#8221;Magikland Penafiel&#8221;]Un parc d&#8217;attractions et aquatique (37 km ou 30 minutes de Paco de Pombeiro) pour un public cible jusqu&#8217;\u00e0 14 ans. Un beau voyage pour les jeunes familles.[\/vc_toggle][vc_toggle title=&#8221;Aveiro&#8221;]Aveiro (90 km ou 80 minutes de Paco de Pombeiro) est \u00e9galement connue comme la Venise du Portugal, perch\u00e9e sur les rives d&#8217;une lagune c\u00f4ti\u00e8re avec des moliceiros (gondoles comme des bateaux traditionnels multicolores) parcourant le r\u00e9seau de canaux de la ville. De nombreux b\u00e2timents anciens sont d\u00e9cor\u00e9s avec des tuiles traditionnelles azulejos.[\/vc_toggle][vc_toggle title=&#8221;Viana de Costelo&#8221;]Viana de Costelo (\u00e0 99 km ou 70 minutes) se trouve l\u00e0 o\u00f9 la rivi\u00e8re Limia entre dans l&#8217;oc\u00e9an Atlantique. C&#8217;est une belle ville historique avec la Praca da Republica (place de la r\u00e9publique), un parc du XVIe si\u00e8cle \u00e0 l&#8217;architecture Renaissance. Derri\u00e8re la ville se profile la Montagne (Monte de Santa Luiza) qui est accessible par le plus long funiculaire du Portugal. Au sommet se trouve une majestueuse basilique ainsi qu&#8217;un \u00abcastro\u00bb de l&#8217;\u00e2ge du fer et des panoramas \u00e0 tomber par terre. La plage de Praia de Cabedelo est une gigantesque baie vierge de sable dor\u00e9.[\/vc_toggle][vc_toggle title=&#8221;Activit\u00e9s&#8221;]Veuillez nous faire savoir si vous souhaitez que nous prenions des dispositions pour des randonn\u00e9es p\u00e9destres, des sentiers de VTT, des excursions d&#8217;une journ\u00e9e en moto, de l&#8217;enduro ou du kayak.[\/vc_toggle][\/vc_column][\/vc_row]<\/p>\n","protected":false},"excerpt":{"rendered":"<p>[vc_row][vc_column][vc_column_text]Le Portugal s&#8217;est concentr\u00e9 principalement sur la capitale (Lisbonne) et la r\u00e9gion de l&#8217;Algarve au sud. Ces derni\u00e8res ann\u00e9es, le gouvernement a tout fait pour promouvoir les autres r\u00e9gions afin de pr\u00e9server la culture et montrer aux touristes ce que le Portugal a de plus \u00e0 offrir. Le Portugal est un petit pays avec des [&hellip;]<\/p>\n","protected":false},"author":1,"featured_media":0,"parent":0,"menu_order":0,"comment_status":"closed","ping_status":"closed","template":"","meta":[],"_links":{"self":[{"href":"https:\/\/pacodepombeiro.com\/fr\/wp-json\/wp\/v2\/pages\/3680"}],"collection":[{"href":"https:\/\/pacodepombeiro.com\/fr\/wp-json\/wp\/v2\/pages"}],"about":[{"href":"https:\/\/pacodepombeiro.com\/fr\/wp-json\/wp\/v2\/types\/page"}],"author":[{"embeddable":true,"href":"https:\/\/pacodepombeiro.com\/fr\/wp-json\/wp\/v2\/users\/1"}],"replies":[{"embeddable":true,"href":"https:\/\/pacodepombeiro.com\/fr\/wp-json\/wp\/v2\/comments?post=3680"}],"version-history":[{"count":3,"href":"https:\/\/pacodepombeiro.com\/fr\/wp-json\/wp\/v2\/pages\/3680\/revisions"}],"predecessor-version":[{"id":4333,"href":"https:\/\/pacodepombeiro.com\/fr\/wp-json\/wp\/v2\/pages\/3680\/revisions\/4333"}],"wp:attachment":[{"href":"https:\/\/pacodepombeiro.com\/fr\/wp-json\/wp\/v2\/media?parent=3680"}],"curies":[{"name":"wp","href":"https:\/\/api.w.org\/{rel}","templated":true}]}}