{"id":3668,"date":"2020-10-26T03:57:06","date_gmt":"2020-10-26T03:57:06","guid":{"rendered":"https:\/\/pacodepombeiro.com\/questions-frequemment-posees\/"},"modified":"2020-11-25T03:36:40","modified_gmt":"2020-11-25T03:36:40","slug":"questions-frequemment-posees","status":"publish","type":"page","link":"https:\/\/pacodepombeiro.com\/fr\/questions-frequemment-posees\/","title":{"rendered":"Questions fr\u00e9quemment pos\u00e9es"},"content":{"rendered":"<p>[vc_row][vc_column][vc_toggle title=&#8221;Quel est l&#8217;a\u00e9roport le plus proche de Paco De Pombeiro?&#8221;]A\u00e9roport Francisco Sa Carneiro (environ 45 km ou 40 minutes en voiture). Nous proposons \u00e9galement des transferts en navette a\u00e9roport et pouvons accueillir jusqu&#8217;\u00e0 6 passagers \u00e0 la fois avec leurs bagages. Renseignez-vous avant votre arriv\u00e9e.<br \/>\n[\/vc_toggle][vc_toggle title=&#8221;Quelle est la gare la plus proche de Paco de Pombeiro?&#8221;]La gare de Guimar\u00e3es (environ 14 km ou 20 minutes en voiture).[\/vc_toggle][vc_toggle title=&#8221;Quelles sont les coordonn\u00e9es GPS de Paco De Pombeiro?&#8221;]Latitude: 41, 3891<br \/>\nLongitude: -8, 2285[\/vc_toggle][vc_toggle title=&#8221;Quelle est l&#8217;adresse physique de Paco De Pombeiro?&#8221;]No 590 Rua do Burgo, Pombeiro de Ribavizela, 4610-619, Felgueiras, Porto[\/vc_toggle][vc_toggle title=&#8221;Paco De Pombeiro accepte-t-il les animaux domestiques?&#8221;]Oui d\u00e9finitivement. Nous acceptons les animaux, mais veuillez nous contacter avant votre arriv\u00e9e car toutes nos chambres ne sont pas adapt\u00e9es aux animaux et nous facturons un petit suppl\u00e9ment par animal et par nuit.[\/vc_toggle][vc_toggle title=&#8221;Paco De Pombeiro est-il adapt\u00e9 aux enfants?&#8221;]Oui d\u00e9finitivement. Oui d\u00e9finitivement. Notre maison d&#8217;h\u00f4tes est id\u00e9ale pour les familles et si vous avez une grande famille comme nous, vous pouvez demander un lit d&#8217;appoint.<br \/>\n[\/vc_toggle][vc_toggle title=&#8221;O\u00f9 puis-je r\u00e9server une chambre \u00e0 Paco de Pombeiro?&#8221;]Vous pouvez r\u00e9server via Booking.com et via Hotels.com ou directement avec nous.[\/vc_toggle][vc_toggle title=&#8221;Que sert-on pour le petit d\u00e9jeuner?&#8221;]Nous avons un buffet continental avec des assiettes de fromage et de charcuterie, des fruits frais, du muesli et du yaourt, du pain et des p\u00e2tisseries ainsi que du jus d&#8217;orange fra\u00eechement press\u00e9, du caf\u00e9 et une s\u00e9lection de th\u00e9s.[\/vc_toggle][vc_toggle title=&#8221;R\u00e9pondez-vous aux convives v\u00e9g\u00e9tariens, sans gluten, diab\u00e9tiques et v\u00e9g\u00e9taliens?&#8221;]Nous le faisons, mais cela doit \u00eatre demand\u00e9 avant l&#8217;arriv\u00e9e.[\/vc_toggle][vc_toggle title=&#8221;Quels sont les horaires d&#8217;enregistrement et de d\u00e9part?&#8221;]Arriv\u00e9e g\u00e9n\u00e9ralement \u00e0 partir de 14h00 et d\u00e9part \u00e0 midi. Nous sommes ouverts \u00e0 d&#8217;autres arrangements si cela est fait au pr\u00e9alable.<br \/>\n[\/vc_toggle][vc_toggle title=&#8221;\u00c0 quelle distance \u00eates-vous des magasins et des restaurants?&#8221;]Il y a de nombreux restaurants ainsi que des magasins dans un rayon de 5 km.[\/vc_toggle][vc_toggle title=&#8221;Acceptez-vous de fumer?&#8221;]Il est interdit de fumer \u00e0 l&#8217;int\u00e9rieur, cependant, les clients peuvent fumer \u00e0 l&#8217;ext\u00e9rieur.[\/vc_toggle][vc_toggle title=&#8221;Avez-vous le WIFI?&#8221;]Nous avons WiFi haut d\u00e9bit, \u00e0 l&#8217;int\u00e9rieur et \u00e0 l&#8217;ext\u00e9rieur dans toute la propri\u00e9t\u00e9.<\/p>\n<p>[\/vc_toggle][vc_toggle title=&#8221;Avez-vous une piscine?&#8221;]Nous avons une piscine ext\u00e9rieure avec une grande extr\u00e9mit\u00e9 peu profonde pour les jeunes enfants.[\/vc_toggle][vc_toggle title=&#8221;Proposez-vous des visites \u00e0 pied?&#8221;]Nous pouvons organiser une visite \u00e0 pied de la r\u00e9gion avec un historien et un guide qui conna\u00eet tr\u00e8s bien la route romane et la r\u00e9gion de Pombeiro. Nous devons \u00eatre avertis \u00e0 l&#8217;avance et nous pouvons ensuite l&#8217;organiser. Il y a un co\u00fbt impliqu\u00e9.[\/vc_toggle][vc_toggle title=&#8221;Quelles activit\u00e9s proposez-vous pour les plus aventureux?&#8221;]Nous avons quelqu&#8217;un qui peut organiser de nombreuses activit\u00e9s dans la r\u00e9gion, allant des courts aux longs voyages. Il y en a tr\u00e8s peu. Il y a du kayak sur certaines des rivi\u00e8res \u00e0 proximit\u00e9, du v\u00e9lo de montagne sur les sentiers \u00e0 proximit\u00e9 des rivi\u00e8res et \u00e0 travers les vall\u00e9es et les r\u00e9gions montagneuses. Le guide propose \u00e9galement des circuits enduro guid\u00e9s et des circuits \u00e0 moto dans un cadre magnifique et dans le parc national de Ger\u00eas. Le voyage le plus long comprend un voyage le long de la route 66 du Portugal du nord au sud du Portugal. Tous ces voyages devront \u00eatre organis\u00e9s \u00e0 l&#8217;avance et il y a des co\u00fbts impliqu\u00e9s.<br \/>\n[\/vc_toggle][\/vc_column][\/vc_row]<\/p>\n","protected":false},"excerpt":{"rendered":"<p>[vc_row][vc_column][vc_toggle title=&#8221;Quel est l&#8217;a\u00e9roport le plus proche de Paco De Pombeiro?&#8221;]A\u00e9roport Francisco Sa Carneiro (environ 45 km ou 40 minutes en voiture). Nous proposons \u00e9galement des transferts en navette a\u00e9roport et pouvons accueillir jusqu&#8217;\u00e0 6 passagers \u00e0 la fois avec leurs bagages. Renseignez-vous avant votre arriv\u00e9e. [\/vc_toggle][vc_toggle title=&#8221;Quelle est la gare la plus proche de [&hellip;]<\/p>\n","protected":false},"author":1,"featured_media":0,"parent":0,"menu_order":0,"comment_status":"closed","ping_status":"closed","template":"","meta":[],"_links":{"self":[{"href":"https:\/\/pacodepombeiro.com\/fr\/wp-json\/wp\/v2\/pages\/3668"}],"collection":[{"href":"https:\/\/pacodepombeiro.com\/fr\/wp-json\/wp\/v2\/pages"}],"about":[{"href":"https:\/\/pacodepombeiro.com\/fr\/wp-json\/wp\/v2\/types\/page"}],"author":[{"embeddable":true,"href":"https:\/\/pacodepombeiro.com\/fr\/wp-json\/wp\/v2\/users\/1"}],"replies":[{"embeddable":true,"href":"https:\/\/pacodepombeiro.com\/fr\/wp-json\/wp\/v2\/comments?post=3668"}],"version-history":[{"count":3,"href":"https:\/\/pacodepombeiro.com\/fr\/wp-json\/wp\/v2\/pages\/3668\/revisions"}],"predecessor-version":[{"id":4330,"href":"https:\/\/pacodepombeiro.com\/fr\/wp-json\/wp\/v2\/pages\/3668\/revisions\/4330"}],"wp:attachment":[{"href":"https:\/\/pacodepombeiro.com\/fr\/wp-json\/wp\/v2\/media?parent=3668"}],"curies":[{"name":"wp","href":"https:\/\/api.w.org\/{rel}","templated":true}]}}