{"id":3633,"date":"2020-10-26T03:27:11","date_gmt":"2020-10-26T03:27:11","guid":{"rendered":"https:\/\/pacodepombeiro.com\/preguntas-frecuentes\/"},"modified":"2020-11-25T04:14:49","modified_gmt":"2020-11-25T04:14:49","slug":"preguntas-frecuentes","status":"publish","type":"page","link":"https:\/\/pacodepombeiro.com\/es\/preguntas-frecuentes\/","title":{"rendered":"Preguntas frecuentes"},"content":{"rendered":"<p>[vc_row][vc_column][vc_toggle title=&#8221;\u00bfCu\u00e1l es el aeropuerto m\u00e1s cercano a Paco De Pombeiro?&#8221;]Aeropuerto Francisco Sa Carneiro (a unos 45 km o 40 minutos en coche). Tambi\u00e9n proporcionamos traslados al aeropuerto y podemos acomodar hasta 6 pasajeros a la vez con su equipaje. Consultar antes de la llegada.<br \/>\n[\/vc_toggle][vc_toggle title=&#8221;\u00bfCu\u00e1l es la estaci\u00f3n de tren m\u00e1s cercana a Paco de Pombeiro?&#8221;]La estaci\u00f3n de Guimar\u00e3es (a unos 14 km o 15 minutos en coche).[\/vc_toggle][vc_toggle title=&#8221;\u00bfCu\u00e1les son las coordenadas GPS de Paco De Pombeiro?&#8221;]Latitud: 41, 3891<br \/>\nLongitud: -8, 2285[\/vc_toggle][vc_toggle title=&#8221;What is the physical address of Paco De Pombeiro?&#8221;]No 590 Rua do Burgo, Pombeiro de Ribavizela, 4610-619, Felgueiras, Porto[\/vc_toggle][vc_toggle title=&#8221;\u00bfPaco De Pombeiro admite mascotas?&#8221;]S\u00ed definitivamente. Aceptamos mascotas, pero cont\u00e1ctenos antes de llegar, ya que no todas nuestras habitaciones son aptas para mascotas y cobramos una peque\u00f1a tarifa por mascota por noche.[\/vc_toggle][vc_toggle title=&#8221;\u00bfPaco De Pombeiro es amigable para los ni\u00f1os?&#8221;]S\u00ed definitivamente. Nuestra casa de hu\u00e9spedes es ideal para familias y si tiene una familia numerosa como nosotros, puede solicitar una cama extra.<br \/>\n[\/vc_toggle][vc_toggle title=&#8221;\u00bfD\u00f3nde puedo reservar una habitaci\u00f3n en Paco de Pombeiro?&#8221;]Puede reservar a trav\u00e9s de Booking.com y a trav\u00e9s de Hotels.com o directamente con nosotros.[\/vc_toggle][vc_toggle title=&#8221;\u00bfQu\u00e9 sirven para el desayuno?&#8221;]Tenemos un buffet continental con platos de queso y embutidos, fruta fresca, muesli y yogur, pan y boller\u00eda, as\u00ed como zumo de naranja reci\u00e9n exprimido, caf\u00e9 y una selecci\u00f3n de t\u00e9s.[\/vc_toggle][vc_toggle title=&#8221;\u00bfAtiende a invitados vegetarianos, sin gluten, diab\u00e9ticos y veganos?&#8221;]Lo hacemos, sin embargo, esto debe solicitarse antes de la llegada.[\/vc_toggle][vc_toggle title=&#8221;\u00bfCu\u00e1ndo son los horarios de entrada y salida?&#8221;]Por lo general, check in a partir de las 14:00 y check out a mediod\u00eda. Estamos abiertos a otros arreglos si se hacen con anterioridad.<br \/>\n[\/vc_toggle][vc_toggle title=&#8221;\u00bfA qu\u00e9 distancia est\u00e1s de tiendas y restaurantes?&#8221;]Hay muchos restaurantes y tiendas en un radio de 5 km.[\/vc_toggle][vc_toggle title=&#8221;\u00bfPermites fumar?&#8221;]No se permite fumar en ning\u00fan lugar dentro, sin embargo, los hu\u00e9spedes pueden fumar al aire libre.[\/vc_toggle][vc_toggle title=&#8221;\u00bfTienes wifi?&#8221;]Contamos con WiFi de alta velocidad, dentro y fuera de toda la propiedad.<\/p>\n<p>[\/vc_toggle][vc_toggle title=&#8221;\u00bfTiene usted una piscina?&#8221;]Tenemos una piscina al aire libre con un gran extremo poco profundo para ni\u00f1os peque\u00f1os.[\/vc_toggle][vc_toggle title=&#8221;Proposez-vous des visites \u00e0 pied?&#8221;]Nous pouvons organiser une visite \u00e0 pied de la r\u00e9gion avec un historien et un guide qui conna\u00eet tr\u00e8s bien la route romane et la r\u00e9gion de Pombeiro. Nous devons \u00eatre avertis \u00e0 l&#8217;avance et nous pouvons ensuite l&#8217;organiser. Il y a un co\u00fbt impliqu\u00e9.[\/vc_toggle][vc_toggle title=&#8221;\u00bfQu\u00e9 actividades ofrecen para los m\u00e1s aventureros?&#8221;]Contamos con alguien que puede organizar muchas actividades en la zona, desde viajes cortos hasta largos. Hay muy pocos. Hay kayak en algunos de los r\u00edos cercanos, bicicleta de monta\u00f1a en senderos cercanos a los r\u00edos y a trav\u00e9s de valles y \u00e1reas monta\u00f1osas. El gu\u00eda tambi\u00e9n ofrece recorridos guiados de enduro y recorridos en motocicleta en hermosos alrededores y en el Parque Nacional de Ger\u00eas. El viaje m\u00e1s largo incluye un viaje por la ruta 66 desde Portugal de norte a sur de Portugal. Todos estos viajes deber\u00e1n organizarse con anticipaci\u00f3n y hay costos involucrados.[\/vc_toggle][\/vc_column][\/vc_row]<\/p>\n","protected":false},"excerpt":{"rendered":"<p>[vc_row][vc_column][vc_toggle title=&#8221;\u00bfCu\u00e1l es el aeropuerto m\u00e1s cercano a Paco De Pombeiro?&#8221;]Aeropuerto Francisco Sa Carneiro (a unos 45 km o 40 minutos en coche). Tambi\u00e9n proporcionamos traslados al aeropuerto y podemos acomodar hasta 6 pasajeros a la vez con su equipaje. Consultar antes de la llegada. [\/vc_toggle][vc_toggle title=&#8221;\u00bfCu\u00e1l es la estaci\u00f3n de tren m\u00e1s cercana a [&hellip;]<\/p>\n","protected":false},"author":1,"featured_media":0,"parent":0,"menu_order":0,"comment_status":"closed","ping_status":"closed","template":"","meta":[],"_links":{"self":[{"href":"https:\/\/pacodepombeiro.com\/es\/wp-json\/wp\/v2\/pages\/3633"}],"collection":[{"href":"https:\/\/pacodepombeiro.com\/es\/wp-json\/wp\/v2\/pages"}],"about":[{"href":"https:\/\/pacodepombeiro.com\/es\/wp-json\/wp\/v2\/types\/page"}],"author":[{"embeddable":true,"href":"https:\/\/pacodepombeiro.com\/es\/wp-json\/wp\/v2\/users\/1"}],"replies":[{"embeddable":true,"href":"https:\/\/pacodepombeiro.com\/es\/wp-json\/wp\/v2\/comments?post=3633"}],"version-history":[{"count":3,"href":"https:\/\/pacodepombeiro.com\/es\/wp-json\/wp\/v2\/pages\/3633\/revisions"}],"predecessor-version":[{"id":4337,"href":"https:\/\/pacodepombeiro.com\/es\/wp-json\/wp\/v2\/pages\/3633\/revisions\/4337"}],"wp:attachment":[{"href":"https:\/\/pacodepombeiro.com\/es\/wp-json\/wp\/v2\/media?parent=3633"}],"curies":[{"name":"wp","href":"https:\/\/api.w.org\/{rel}","templated":true}]}}