{"id":3624,"date":"2020-10-26T03:21:14","date_gmt":"2020-10-26T03:21:14","guid":{"rendered":"https:\/\/pacodepombeiro.com\/excursiones-de-un-dia\/"},"modified":"2020-11-25T04:13:28","modified_gmt":"2020-11-25T04:13:28","slug":"excursiones-de-un-dia","status":"publish","type":"page","link":"https:\/\/pacodepombeiro.com\/es\/excursiones-de-un-dia\/","title":{"rendered":"Excursiones de un d\u00eda"},"content":{"rendered":"<p>[vc_row][vc_column][vc_column_text]Portugal se centr\u00f3 principalmente en la ciudad capital, Lisboa y la regi\u00f3n del Algarve en el sur.<\/p>\n<p>En los \u00faltimos a\u00f1os, el gobierno ha hecho m\u00e1s para promover las otras regiones a fin de preservar la cultura y mostrar a los turistas cu\u00e1nto Portugal tiene para ofrecer. Portugal es un pa\u00eds peque\u00f1o con regiones muy diversas, realmente es la joya escondida de Europa.<\/p>\n<p>El norte de Portugal tiene precipitaciones m\u00e1s altas que las partes media y meridional y es m\u00e1s monta\u00f1oso. Es de hoja perenne con belleza natural y encanto del viejo mundo.<\/p>\n<p>Felgueiras es muy importante con sus f\u00e1bricas de calzado donde se fabrican muchos de los zapatos europeos de buena calidad. Donde esto siempre fue una escala para los negocios, se ha convertido en un destino m\u00e1s. Pombeiro en Felgueiras es ideal para usar como una base tranquila desde la cual explorar muchos lugares maravillosos durante las excursiones.<\/p>\n<p>Felgueiras cae en la Rota Romanico o la Ruta Romana, ya que se encuentra en el \u00e1rea donde los romanos gobernaron hace siglos y dejaron puentes, carreteras, acueductos y otras reliquias.<\/p>\n<p>Pa\u00e7o de Pombeiro limita con el Mosteiro de Pombeiro, el Monasterio de Santa Mar\u00eda de Pombeiro, que tiene los restos de un acueducto y una calzada romana al lado y est\u00e1 a 10 minutos a pie de un puente romano.[\/vc_column_text][\/vc_column][\/vc_row][vc_row][vc_column][vc_column_text]<\/p>\n<h2>Lugares para ver, festivales y excursiones desde Paco de Pombeiro<\/h2>\n<p>Pa\u00e7o de Pombeiro limita con el Mosteiro de Pombeiro, el Monasterio de Santa Mar\u00eda de Pombeiro, que tiene los restos de un acueducto y una calzada romana al lado y est\u00e1 a 10 minutos a pie de un puente romano.<br \/>\nP\u00eddanos m\u00e1s informaci\u00f3n sobre cada lugar que recomendamos.[\/vc_column_text][vc_toggle title=&#8221;Felgueiras&#8221;]Pa\u00e7o de Pombeiro se encuentra en Felgueiras (en la frontera de Guimaraes), que se convirti\u00f3 en una ciudad solo en 1990. Felgueiras es conocida por sus textiles, f\u00e1bricas de zapatos y el famoso vino verde o vinho verde que se produce en esta \u00e1rea.[\/vc_toggle][vc_toggle title=&#8221;Guimaraes&#8221;]Guimar\u00e3es (a 14 km o 20 minutos de Paco de Pombeiro) es el lugar de nacimiento de Portugal porque Afonso Henriques, el primer rey de Portugal, naci\u00f3 aqu\u00ed. El centro hist\u00f3rico en el \u00e1rea dentro de las murallas de la ciudad de Guimaraes, est\u00e1 asociado con la formaci\u00f3n e identidad de Portugal y es un sitio del Patrimonio Mundial. La ciudad vieja tiene patios con restaurantes y te transporta a otro momento y lugar cuando visites.<\/p>\n<p>[\/vc_toggle][vc_toggle title=&#8221;Vizela&#8221;]Vizela (a 9 km o 15 minutos de Paco de Pombeiro) es una ciudad balneario en un paisaje de colinas altas y con\u00edferas con afloramientos de granito. Las aguas termales ricas en minerales fueron utilizadas por primera vez por los romanos. Las aguas termales a\u00fan son atendidas por un lujoso hotel spa. Aqu\u00ed hay muchos lugares maravillosos como un puente romano que cruza el r\u00edo Vizela en la carretera romana de Braga a Amarante, el mirador de Sao Bento das Peras, etc. [\/vc_toggle][vc_toggle title=&#8221;Braga&#8221;]Braga (a 52 km o 40 minutos de Paco de Pombeiro) es la tercera ciudad m\u00e1s grande de Portugal con un vasto patrimonio cultural. Es el hogar del Santuario de Bom Jesus do Monte, declarado Patrimonio de la Humanidad por la UNESCO. Fue fundada como una ciudad romana de Bracara Augusta en 16BC. Es una ciudad espectacular con muchas delicias para ver. [\/vc_toggle][vc_toggle title=&#8221;Porto&#8221;]Oporto (62,5 km o 46 minutos de Paco de Pombeiro) es la segunda ciudad m\u00e1s grande de Portugal y ciudad de la que el pa\u00eds deriva su nombre. Es bien conocido por su vino de Oporto, muchos puentes y arquitectura antigua, as\u00ed como por su gastronom\u00eda. El centro hist\u00f3rico de la ciudad es patrimonio de la humanidad por la UNESCO. [\/vc_toggle][vc_toggle title=&#8221;Douro Valley&#8221;]El valle del Duero (comienza a 3 horas y termina en Oporto) es hermoso y m\u00e1gico. Aqu\u00ed es donde el vino de Oporto se elabora y se env\u00eda desde las quintas en barcos a Oporto (Vila Nova de Gaio), donde es criado y vendido por las Casas del Puerto. El valle del Duero es Patrimonio de la Humanidad y la regi\u00f3n vitivin\u00edcola demarcada m\u00e1s antigua del mundo.[\/vc_toggle][vc_toggle title=&#8221;The Peneda-Ger\u00eas National Park&#8221;]Este parque (51,6 km o 70 minutos de Paco de Pombeiro) tambi\u00e9n se conoce como Ger\u00eas. Se encuentra en los distritos de Viana do Castelo, Braga y Vila Real. El parque tiene muchas cascadas, reliquias romanas, partes de un camino romano, monasterios, santuarios, bosques, flores, miradores y caballos salvajes. [\/vc_toggle][vc_toggle title=&#8221;Parque Aquatic Amarante&#8221;]Este parque est\u00e1 ubicado a orillas del r\u00edo T\u00e2mego (26;4 km o 25 minutos de Paco de Pombeiro), el Parque Acu\u00e1tico Amarante (Parque Aqu\u00e1tico Amarante) es uno de los mejores lugares de Portugal para toboganes, piscinas y diversi\u00f3n al sol: es un Excursi\u00f3n popular de un d\u00eda de verano para familias.[\/vc_toggle][vc_toggle title=&#8221;Magikland Penafiel&#8221;]Un parque acu\u00e1tico y de diversiones (a 37 km o 30 minutos de Paco de Pombeiro) para un p\u00fablico objetivo de hasta 14 a\u00f1os. Un viaje encantador para familias j\u00f3venes.[\/vc_toggle][vc_toggle title=&#8221;Aveiro&#8221;]Aveiro (90 km o 80 minutos de Paco de Pombeiro) tambi\u00e9n es conocida como la Venecia de Portugal, encaramada a orillas de una laguna costera con moliceiros (g\u00f3ndolas como barcos tradicionales multicolores) que navegan por la red de canales de la ciudad. Muchos de los edificios antiguos est\u00e1n decorados con azulejos tradicionales.[\/vc_toggle][vc_toggle title=&#8221;Viana de Costelo&#8221;]Viana de Costelo (a 99 km o 70 minutos) se encuentra donde el r\u00edo Limia ingresa al Oc\u00e9ano Atl\u00e1ntico. Es una ciudad hist\u00f3rica encantadora con la Pra\u00e7a da Republica, un parque del siglo XVI con arquitectura renacentista. Detr\u00e1s de la ciudad se asoma la monta\u00f1a (Monte de Santa Luiza) a la que se llega por el funicular m\u00e1s largo de Portugal. En la parte superior hay una bas\u00edlica majestuosa, as\u00ed como un &#8220;castro&#8221; de la Edad del Hierro y panoramas para morirse. La playa de Praia de Cabedelo es una gigantesca bah\u00eda virgen con arenas doradas.[\/vc_toggle][vc_toggle title=&#8221;Activities&#8221;]Please let us know if you want us to make any arrangements for walking tours, mountain biking trails, motorcycle day trips, enduro riding or kayaking.[\/vc_toggle][\/vc_column][\/vc_row]<\/p>\n","protected":false},"excerpt":{"rendered":"<p>[vc_row][vc_column][vc_column_text]Portugal se centr\u00f3 principalmente en la ciudad capital, Lisboa y la regi\u00f3n del Algarve en el sur. En los \u00faltimos a\u00f1os, el gobierno ha hecho m\u00e1s para promover las otras regiones a fin de preservar la cultura y mostrar a los turistas cu\u00e1nto Portugal tiene para ofrecer. Portugal es un pa\u00eds peque\u00f1o con regiones muy [&hellip;]<\/p>\n","protected":false},"author":1,"featured_media":0,"parent":0,"menu_order":0,"comment_status":"closed","ping_status":"closed","template":"","meta":[],"_links":{"self":[{"href":"https:\/\/pacodepombeiro.com\/es\/wp-json\/wp\/v2\/pages\/3624"}],"collection":[{"href":"https:\/\/pacodepombeiro.com\/es\/wp-json\/wp\/v2\/pages"}],"about":[{"href":"https:\/\/pacodepombeiro.com\/es\/wp-json\/wp\/v2\/types\/page"}],"author":[{"embeddable":true,"href":"https:\/\/pacodepombeiro.com\/es\/wp-json\/wp\/v2\/users\/1"}],"replies":[{"embeddable":true,"href":"https:\/\/pacodepombeiro.com\/es\/wp-json\/wp\/v2\/comments?post=3624"}],"version-history":[{"count":3,"href":"https:\/\/pacodepombeiro.com\/es\/wp-json\/wp\/v2\/pages\/3624\/revisions"}],"predecessor-version":[{"id":3632,"href":"https:\/\/pacodepombeiro.com\/es\/wp-json\/wp\/v2\/pages\/3624\/revisions\/3632"}],"wp:attachment":[{"href":"https:\/\/pacodepombeiro.com\/es\/wp-json\/wp\/v2\/media?parent=3624"}],"curies":[{"name":"wp","href":"https:\/\/api.w.org\/{rel}","templated":true}]}}