{"id":3596,"date":"2020-10-26T03:09:53","date_gmt":"2020-10-26T03:09:53","guid":{"rendered":"https:\/\/pacodepombeiro.com\/sobre-nosotros\/"},"modified":"2020-11-25T04:12:55","modified_gmt":"2020-11-25T04:12:55","slug":"sobre-nosotros","status":"publish","type":"page","link":"https:\/\/pacodepombeiro.com\/es\/sobre-nosotros\/","title":{"rendered":"Sobre nosotros"},"content":{"rendered":"<p>[vc_row full_width=&#8221;stretch_row&#8221; css=&#8221;.vc_custom_1531729276201{padding-bottom: 80px !important;}&#8221;][vc_column width=&#8221;2\/3&#8243;][vc_column_text]Marcus e Ingrid se han mudado de Sud\u00e1frica a Portugal durante 2018, habiendo adquirido Paco de Pombeiro de los propietarios anteriores.<\/p>\n<p>Liliana Vieira creci\u00f3 en Pombeiro y ha estado involucrada en Paco de Pombeiro desde que se estableci\u00f3 la casa de hu\u00e9spedes en 2009.<\/p>\n<p>La casa de hu\u00e9spedes es muy \u00edntima y hacemos todo lo posible para que nuestros hu\u00e9spedes se sientan c\u00f3modos al brindar atenci\u00f3n personalizada y garantizar la privacidad.<\/p>\n<p>El hostal est\u00e1 situado en una finca vin\u00edcola con 5 hect\u00e1reas de vi\u00f1edos. Vinho Verde, que se traduce como &#8220;vino verde&#8221; o &#8220;vino joven&#8221;, se produce en la granja, ya que la quinta se encuentra dentro de la hist\u00f3rica regi\u00f3n de Vinho Verde en Minho.<\/p>\n<p>Adem\u00e1s, la granja y la casa de hu\u00e9spedes se encuentran en el municipio de Felgueiras y est\u00e1n muy cerca de la ciudad de Guimaraes, conocida como el lugar de nacimiento de Portugal (el primer rey de Portugal naci\u00f3 all\u00ed).<\/p>\n<p>Ofrecemos una gama de servicios en la casa de hu\u00e9spedes. Entre otras cosas, a Marcus le encanta el motociclismo todoterreno y puede organizar excursiones en moto todoterreno para cualquier persona interesada. Tambi\u00e9n estamos renovando constantemente para garantizar que la casa de hu\u00e9spedes mejore constantemente.[\/vc_column_text][\/vc_column][vc_column width=&#8221;1\/6&#8243;][vc_single_image image=&#8221;2753&#8243; img_size=&#8221;150&#215;150&#8243; alignment=&#8221;center&#8221; style=&#8221;vc_box_circle&#8221;][vc_column_text]<\/p>\n<h4 style=\"text-align: center\">Marcus &amp; Ingrid<\/h4>\n<p>[\/vc_column_text][\/vc_column][vc_column width=&#8221;1\/6&#8243;][vc_single_image image=&#8221;2754&#8243; img_size=&#8221;150&#215;150&#8243; alignment=&#8221;center&#8221; style=&#8221;vc_box_circle&#8221;][vc_column_text]<\/p>\n<h4 style=\"text-align: center\">Liliana<\/h4>\n<p>[\/vc_column_text][\/vc_column][\/vc_row][vc_row][vc_column][vc_separator el_width=&#8221;50&#8243;][\/vc_column][\/vc_row][vc_row][vc_column width=&#8221;1\/2&#8243;][vc_column_text]El hostal en s\u00ed es en parte antiguo y en parte moderno, lo que lo hace bastante \u00fanico. Tiene un ambiente campestre tranquilo con absoluta serenidad en los jardines.<\/p>\n<p>Hay un peque\u00f1o bosque y la casa tiene vistas a los vi\u00f1edos. La granja produce su propio vino en la tradici\u00f3n de la regi\u00f3n &#8220;Vinho Verde&#8221; en la que se encuentra.<\/p>\n<p>La casa de hu\u00e9spedes puede albergar grupos interesados en realizar talleres de escritura creativa y literatura, arte (dibujo y pintura), trabajo energ\u00e9tico (sonido, reiki, kinesiolog\u00eda, toque para la salud, canalizaci\u00f3n), etc. Es perfecto para peque\u00f1os retiros espirituales y de yoga. o simplemente para volver a estar en contacto con la Madre Naturalez.[\/vc_column_text][\/vc_column][vc_column width=&#8221;1\/2&#8243;][vc_single_image image=&#8221;2707&#8243; img_size=&#8221;full&#8221; style=&#8221;vc_box_rounded&#8221;][\/vc_column][\/vc_row][vc_row][vc_column width=&#8221;1\/2&#8243; el_class=&#8221;vc_col-sm-push-6&#8243;][vc_column_text]Estos grupos se organizan a pedido y podemos atender hasta 20 personas. El desayuno est\u00e1 incluido y se pueden organizar otras comidas y refrigerios para satisfacer todos los requisitos diet\u00e9ticos si se acuerdan previamente y por un cargo adicional.<\/p>\n<p>La nueva parte de la casa de hu\u00e9spedes tiene 6 habitaciones, 4 habitaciones dobles y 2 habitaciones dobles, cada una con patio y ba\u00f1o privado.<\/p>\n<p>Hay una unidad familiar que puede alojar hasta 6 en la casa del viejo granjero y otra suite en la casa se\u00f1orial. Todas las habitaciones disponen de TV de pantalla plana con canales v\u00eda sat\u00e9lite, aire acondicionado, nevera, hervidor de agua y cafetera. La casa del granjero se usa para servir el desayuno y tambi\u00e9n hay una cocina para uso comunitario.[\/vc_column_text][\/vc_column][vc_column width=&#8221;1\/2&#8243; el_class=&#8221;vc_col-sm-pull-6&#8243;][vc_single_image image=&#8221;3854&#8243; img_size=&#8221;full&#8221; style=&#8221;vc_box_rounded&#8221;][\/vc_column][\/vc_row][vc_row][vc_column width=&#8221;1\/2&#8243;][vc_column_text]Marcus disfruta de sus motos tanto fuera como en la carretera. \u00c9l est\u00e1 feliz de organizar viajes en bicicleta fuera de la carretera por acuerdo previo. \u00c9l cree que esta \u00e1rea ofrece las mejores condiciones de conducci\u00f3n posibles y los paisajes m\u00e1s bellos.<\/p>\n<p>La casa de hu\u00e9spedes y sus jardines son ideales para reuniones familiares y funciones, bodas peque\u00f1as o incluso como una escapada de la rutina normal y el ajetreo de la vida de la ciudad.<\/p>\n<p>Estamos orgullosos de ser amigables con los animales y los hu\u00e9spedes pueden traer a sus familiares de cuatro patas con un acuerdo previo. Las familias j\u00f3venes con ni\u00f1os tambi\u00e9n disfrutan del ambiente seguro y natural.[\/vc_column_text][\/vc_column][vc_column width=&#8221;1\/2&#8243;][vc_single_image image=&#8221;3843&#8243; img_size=&#8221;full&#8221; style=&#8221;vc_box_rounded&#8221;][\/vc_column][\/vc_row][vc_row][vc_column width=&#8221;1\/2&#8243; el_class=&#8221;vc_col-sm-push-6&#8243;][vc_column_text]Los hu\u00e9spedes pueden relajarse junto a la piscina o pasear por los vi\u00f1edos hasta el arroyo. A algunos invitados les encanta venir y ayudar en la cosecha de las uvas.<\/p>\n<p>El monasterio y el puente romano est\u00e1n a un corto paseo y el hostal cuenta con algunas bicicletas que los hu\u00e9spedes pueden utilizar de forma gratuita seg\u00fan la disponibilidad.<\/p>\n<p>The pool has a shallow child-friendly area and there is also a trampoline.<\/p>\n<p>Servimos un desayuno continental con fruta de temporada y atendemos todos los requisitos diet\u00e9ticos alternativos con previo acuerdo. El desayuno se sirve en el moderno sal\u00f3n de la casa del granjero.[\/vc_column_text][\/vc_column][vc_column width=&#8221;1\/2&#8243; el_class=&#8221;vc_col-sm-pull-6&#8243;][vc_single_image image=&#8221;2723&#8243; img_size=&#8221;full&#8221; style=&#8221;vc_box_rounded&#8221;][\/vc_column][\/vc_row]<\/p>\n","protected":false},"excerpt":{"rendered":"<p>[vc_row full_width=&#8221;stretch_row&#8221; css=&#8221;.vc_custom_1531729276201{padding-bottom: 80px !important;}&#8221;][vc_column width=&#8221;2\/3&#8243;][vc_column_text]Marcus e Ingrid se han mudado de Sud\u00e1frica a Portugal durante 2018, habiendo adquirido Paco de Pombeiro de los propietarios anteriores. Liliana Vieira creci\u00f3 en Pombeiro y ha estado involucrada en Paco de Pombeiro desde que se estableci\u00f3 la casa de hu\u00e9spedes en 2009. La casa de hu\u00e9spedes es muy [&hellip;]<\/p>\n","protected":false},"author":1,"featured_media":0,"parent":0,"menu_order":0,"comment_status":"closed","ping_status":"closed","template":"","meta":[],"_links":{"self":[{"href":"https:\/\/pacodepombeiro.com\/es\/wp-json\/wp\/v2\/pages\/3596"}],"collection":[{"href":"https:\/\/pacodepombeiro.com\/es\/wp-json\/wp\/v2\/pages"}],"about":[{"href":"https:\/\/pacodepombeiro.com\/es\/wp-json\/wp\/v2\/types\/page"}],"author":[{"embeddable":true,"href":"https:\/\/pacodepombeiro.com\/es\/wp-json\/wp\/v2\/users\/1"}],"replies":[{"embeddable":true,"href":"https:\/\/pacodepombeiro.com\/es\/wp-json\/wp\/v2\/comments?post=3596"}],"version-history":[{"count":3,"href":"https:\/\/pacodepombeiro.com\/es\/wp-json\/wp\/v2\/pages\/3596\/revisions"}],"predecessor-version":[{"id":4336,"href":"https:\/\/pacodepombeiro.com\/es\/wp-json\/wp\/v2\/pages\/3596\/revisions\/4336"}],"wp:attachment":[{"href":"https:\/\/pacodepombeiro.com\/es\/wp-json\/wp\/v2\/media?parent=3596"}],"curies":[{"name":"wp","href":"https:\/\/api.w.org\/{rel}","templated":true}]}}